{"id":6181,"date":"2026-05-04T08:10:26","date_gmt":"2026-05-04T08:10:26","guid":{"rendered":"https:\/\/larock.com.es\/site\/?page_id=6181"},"modified":"2026-05-04T08:38:39","modified_gmt":"2026-05-04T08:38:39","slug":"quienes-somos-2","status":"publish","type":"page","link":"https:\/\/larock.com.es\/site\/quienes-somos-2\/","title":{"rendered":"QUI\u00c9NES SOMOS"},"content":{"rendered":"\n<h2 class=\"wp-block-heading has-large-font-size\">M\u00e1s de 20 a\u00f1os en la industria de la m\u00fasica en directo<\/h2>\n\n\n\n<div style=\"height:29px\" aria-hidden=\"true\" class=\"wp-block-spacer\"><\/div>\n\n\n\n<div class=\"wp-block-group is-content-justification-center is-nowrap is-layout-flex wp-container-core-group-is-layout-94bc23d7 wp-block-group-is-layout-flex\">\n<div class=\"wp-block-columns is-layout-flex wp-container-core-columns-is-layout-9d6595d7 wp-block-columns-is-layout-flex\">\n<div class=\"wp-block-column is-vertically-aligned-stretch has-text-color has-background has-link-color wp-elements-2125a746fcedc9b03ba210bfc67f2030 is-layout-flow wp-block-column-is-layout-flow\" style=\"color:#9d1128;background-color:#9d1128\"><div class=\"wp-block-image is-style-default\">\n<figure class=\"aligncenter size-full is-resized\"><img loading=\"lazy\" decoding=\"async\" width=\"276\" height=\"280\" src=\"https:\/\/larock.com.es\/site\/wp-content\/uploads\/2026\/04\/Captura-de-pantalla-2026-04-30-114700.png\" alt=\"\" class=\"wp-image-6214\" style=\"aspect-ratio:0.9030366025688619;width:125px;height:auto\"\/><\/figure>\n<\/div>\n\n\n<p class=\"has-text-align-center has-white-color has-text-color has-link-color wp-elements-cb6f603a84cabf99b3d666e59e84289b\" style=\"font-size:15px\"><strong>DESDE <\/strong>                                                 <strong>2000 <\/strong><\/p>\n<\/div>\n\n\n\n<div class=\"wp-block-column is-vertically-aligned-stretch has-background is-layout-flow wp-block-column-is-layout-flow\" style=\"background-color:#9d1128;font-size:15px\"><div class=\"wp-block-image is-style-default\">\n<figure class=\"aligncenter size-full is-resized\"><img loading=\"lazy\" decoding=\"async\" width=\"468\" height=\"443\" src=\"https:\/\/larock.com.es\/site\/wp-content\/uploads\/2026\/04\/Captura-de-pantalla-2026-04-30-114900.png\" alt=\"\" class=\"wp-image-6215\" style=\"aspect-ratio:1.0564444083488995;width:141px;height:auto\" srcset=\"https:\/\/larock.com.es\/site\/wp-content\/uploads\/2026\/04\/Captura-de-pantalla-2026-04-30-114900.png 468w, https:\/\/larock.com.es\/site\/wp-content\/uploads\/2026\/04\/Captura-de-pantalla-2026-04-30-114900-300x284.png 300w\" sizes=\"auto, (max-width: 468px) 100vw, 468px\" \/><\/figure>\n<\/div>\n\n\n<p class=\"has-text-align-center has-white-color has-text-color has-link-color wp-elements-e82516c65eb8020f1069258c81b60e1b\"><strong>CEO y fundador: Marcos Calvo<\/strong><\/p>\n<\/div>\n\n\n\n<div class=\"wp-block-column is-vertically-aligned-stretch has-background is-layout-flow wp-block-column-is-layout-flow\" style=\"background-color:#9d1128\"><div class=\"wp-block-image is-style-default\">\n<figure class=\"aligncenter size-full is-resized\"><img loading=\"lazy\" decoding=\"async\" width=\"271\" height=\"219\" src=\"https:\/\/larock.com.es\/site\/wp-content\/uploads\/2026\/04\/Captura-de-pantalla-2026-04-30-115051.png\" alt=\"\" class=\"wp-image-6222\" style=\"aspect-ratio:1.2280112044817928;width:166px;height:auto\"\/><\/figure>\n<\/div>\n\n\n<p class=\"has-text-align-center has-white-color has-text-color has-link-color wp-elements-4a7ce6891ac63b70f3152ed48452c6af\" style=\"font-size:15px\"><strong>L\u00edderes en la industria de la m\u00fasica en directo<\/strong><\/p>\n<\/div>\n\n\n\n<div class=\"wp-block-column is-vertically-aligned-stretch has-background is-layout-flow wp-block-column-is-layout-flow\" style=\"background-color:#9d1128\"><div class=\"wp-block-image\">\n<figure class=\"aligncenter size-full is-resized\"><img loading=\"lazy\" decoding=\"async\" width=\"286\" height=\"258\" src=\"https:\/\/larock.com.es\/site\/wp-content\/uploads\/2026\/04\/Captura-de-pantalla-2026-04-30-115132.png\" alt=\"\" class=\"wp-image-6223\" style=\"aspect-ratio:0.9961709296982693;width:135px;height:auto\"\/><\/figure>\n<\/div>\n\n\n<p class=\"has-text-align-center has-white-color has-text-color has-link-color wp-elements-8801ef798b42122ea97aac3bcc86d61a\" style=\"font-size:15px\"><strong>Alcance nacional e internacional<\/strong><\/p>\n<\/div>\n<\/div>\n<\/div>\n\n\n\n<div style=\"height:40px\" aria-hidden=\"true\" class=\"wp-block-spacer\"><\/div>\n\n\n\n<hr class=\"wp-block-separator has-text-color has-alpha-channel-opacity has-background is-style-default\" style=\"background-color:#9d1128;color:#9d1128\"\/>\n\n\n\n<div style=\"height:50px\" aria-hidden=\"true\" class=\"wp-block-spacer\"><\/div>\n\n\n\n<div class=\"wp-block-media-text is-stacked-on-mobile is-image-fill-element has-background\" style=\"background-color:#005381;grid-template-columns:33% auto\"><figure class=\"wp-block-media-text__media\"><img loading=\"lazy\" decoding=\"async\" width=\"514\" height=\"666\" src=\"https:\/\/larock.com.es\/site\/wp-content\/uploads\/2026\/04\/Captura-de-pantalla-2026-04-30-122258-1.png\" alt=\"\" class=\"wp-image-6256 size-full\" style=\"object-position:50% 50%\" srcset=\"https:\/\/larock.com.es\/site\/wp-content\/uploads\/2026\/04\/Captura-de-pantalla-2026-04-30-122258-1.png 514w, https:\/\/larock.com.es\/site\/wp-content\/uploads\/2026\/04\/Captura-de-pantalla-2026-04-30-122258-1-232x300.png 232w\" sizes=\"auto, (max-width: 514px) 100vw, 514px\" \/><\/figure><div class=\"wp-block-media-text__content\">\n<p class=\"has-white-color has-text-color has-link-color wp-elements-97133fa624faaeb1a5f83a5ec322946a\" style=\"font-size:18px\">Pioneros en el desarrollo de grandes formatos, hemos impulsado y producido festivales y ciclos de referencia como <strong>Conciertos Movistar<\/strong>, <strong>Universal Music Festival <\/strong>en el Teatro Real de Madrid, <strong>Marenostrum Fuengirola<\/strong>, <strong>Rock The Coast <\/strong>o la gira internacional de conciertos del programa Music Bank de la KBS (Korean Broadcasting System), adem\u00e1s de promover espacios estrat\u00e9gicos para la m\u00fasica en vivo como <strong>Live Las Ventas<\/strong>, uno de los venues de referencia del circuito nacional.<\/p>\n\n\n\n<p class=\"has-white-color has-text-color has-link-color wp-elements-a3c035f9b4446a74eed38c1ad214f318\" style=\"font-size:18px\">Ofrecemos un servicio 360\u00ba que abarca producci\u00f3n ejecutiva, management art\u00edstico, promoci\u00f3n de giras, consultor\u00eda musical para marcas y desarrollo de eventos propios. A lo largo de nuestra trayectoria hemos producido conciertos y giras de muchos artistas como Alejandro Sanz, El Canto del Loco, La Quinta Estaci\u00f3n, Pablo Albor\u00e1n, El Barrio, David Bisbal o la gira OT1, junto a grandes figuras de la m\u00fasica latina como Ricky Martin, Calle 13, Manuel Turizo, Silvestre Dangond o Los \u00c1ngeles Azules, adem\u00e1s de espect\u00e1culos internacionales con artistas como Sting, Elton John, Rod Stewart, Bon Jovi, Steven Tyler, Katy Perry, David Guetta, Jamiroquai, Hans Zimmer o Patti Smith.<\/p>\n<\/div><\/div>\n\n\n\n<div style=\"height:6px\" aria-hidden=\"true\" class=\"wp-block-spacer\"><\/div>\n\n\n\n<hr class=\"wp-block-separator has-text-color has-alpha-channel-opacity has-background is-style-dots\" style=\"background-color:#9d1128;color:#9d1128\"\/>\n\n\n\n<div style=\"height:25px\" aria-hidden=\"true\" class=\"wp-block-spacer\"><\/div>\n\n\n\n<div class=\"wp-block-media-text has-media-on-the-right is-stacked-on-mobile is-image-fill-element has-white-color has-text-color has-background has-link-color wp-elements-7a9116c57df9dca997990632bc15e7c1\" style=\"background-color:#005381;grid-template-columns:auto 40%\"><div class=\"wp-block-media-text__content\">\n<p style=\"font-size:18px\">Desde nuestro compromiso con la cultura, desarrollamos proyectos que fomentan el acceso a la m\u00fasica a todas las edades. Iniciativas como U18 \u2014impulsora del movimiento D\u00e9janos Entrar para el acceso de menores a conciertos\u2014, <strong>Rock en Familia<\/strong> o nuestras producciones infantiles como <strong>CantaJuego<\/strong> reflejan nuestra apuesta por la m\u00fasica como herramienta educativa, social e intergeneracional.<\/p>\n\n\n\n<p style=\"font-size:18px\">Asimismo, promovemos acciones de impacto social a trav\u00e9s de proyectos solidarios como Curar y Cantar, en colaboraci\u00f3n con entidades como la Plataforma del Voluntariado de Espa\u00f1a.<\/p>\n<\/div><figure class=\"wp-block-media-text__media\"><img loading=\"lazy\" decoding=\"async\" width=\"562\" height=\"554\" src=\"https:\/\/larock.com.es\/site\/wp-content\/uploads\/2026\/04\/Captura-de-pantalla-2026-04-30-123451.png\" alt=\"\" class=\"wp-image-6287 size-full\" style=\"object-position:49% 1%\" srcset=\"https:\/\/larock.com.es\/site\/wp-content\/uploads\/2026\/04\/Captura-de-pantalla-2026-04-30-123451.png 562w, https:\/\/larock.com.es\/site\/wp-content\/uploads\/2026\/04\/Captura-de-pantalla-2026-04-30-123451-300x296.png 300w\" sizes=\"auto, (max-width: 562px) 100vw, 562px\" \/><\/figure><\/div>\n\n\n\n<div style=\"height:6px\" aria-hidden=\"true\" class=\"wp-block-spacer\"><\/div>\n\n\n\n<hr class=\"wp-block-separator has-text-color has-alpha-channel-opacity has-background is-style-dots\" style=\"background-color:#9d1128;color:#9d1128\"\/>\n\n\n\n<div style=\"height:25px\" aria-hidden=\"true\" class=\"wp-block-spacer\"><\/div>\n\n\n\n<p class=\"has-text-align-center has-white-color has-text-color has-background has-link-color wp-elements-a187d522bb5055c5600e30b6d2adb9ed\" style=\"background-color:#005381;font-size:18px\">En <strong>L.A. Rock<\/strong> entendemos la cultura como identidad, legado y motor de futuro. Por ello, seguimos creando experiencias musicales de gran formato con el mismo objetivo con el que nacimos: <strong>EMOCIONAR, CONECTAR y HACER HISTORIA A TRAV\u00c9S DE LA M\u00daSICA EN DIRECTO.<\/strong><\/p>\n\n\n\n<p><\/p>\n","protected":false},"excerpt":{"rendered":"<p>M\u00e1s de 20 a\u00f1os en la industria de la m\u00fasica en directo DESDE 2000 CEO y fundador: Marcos Calvo L\u00edderes en la industria de la m\u00fasica en directo Alcance nacional e internacional Pioneros en el desarrollo de grandes formatos, hemos impulsado y producido festivales y ciclos de referencia como Conciertos Movistar, Universal Music Festival en [&hellip;]<\/p>\n","protected":false},"author":2,"featured_media":0,"parent":0,"menu_order":0,"comment_status":"closed","ping_status":"closed","template":"","meta":{"footnotes":""},"class_list":["post-6181","page","type-page","status-publish","hentry"],"_links":{"self":[{"href":"https:\/\/larock.com.es\/site\/wp-json\/wp\/v2\/pages\/6181","targetHints":{"allow":["GET"]}}],"collection":[{"href":"https:\/\/larock.com.es\/site\/wp-json\/wp\/v2\/pages"}],"about":[{"href":"https:\/\/larock.com.es\/site\/wp-json\/wp\/v2\/types\/page"}],"author":[{"embeddable":true,"href":"https:\/\/larock.com.es\/site\/wp-json\/wp\/v2\/users\/2"}],"replies":[{"embeddable":true,"href":"https:\/\/larock.com.es\/site\/wp-json\/wp\/v2\/comments?post=6181"}],"version-history":[{"count":5,"href":"https:\/\/larock.com.es\/site\/wp-json\/wp\/v2\/pages\/6181\/revisions"}],"predecessor-version":[{"id":6355,"href":"https:\/\/larock.com.es\/site\/wp-json\/wp\/v2\/pages\/6181\/revisions\/6355"}],"wp:attachment":[{"href":"https:\/\/larock.com.es\/site\/wp-json\/wp\/v2\/media?parent=6181"}],"curies":[{"name":"wp","href":"https:\/\/api.w.org\/{rel}","templated":true}]}}